{"id":8,"date":"2023-05-22T17:36:02","date_gmt":"2023-05-22T15:36:02","guid":{"rendered":"https:\/\/wernli.local\/?page_id=8"},"modified":"2025-09-12T10:21:16","modified_gmt":"2025-09-12T08:21:16","slug":"geschichte","status":"publish","type":"page","link":"https:\/\/wernli.ch\/de\/geschichte\/","title":{"rendered":"Geschichte"},"content":{"rendered":"","protected":false},"excerpt":{"rendered":"","protected":false},"author":6,"featured_media":0,"parent":0,"menu_order":4,"comment_status":"closed","ping_status":"closed","template":"templates\/product_journey.php","meta":{"_acf_changed":false},"class_list":["post-8","page","type-page","status-publish","hentry"],"acf":[],"yoast_head":"<!-- This site is optimized with the Yoast SEO plugin v21.9.1 - https:\/\/yoast.com\/wordpress\/plugins\/seo\/ -->\n<title>Geschichte | Wernli<\/title>\n<meta name=\"description\" content=\"Seit 1905 steht Wernli f\u00fcr feinste Schweizer Biscuits. Erfahre mehr \u00fcber unsere Geschichte und wie aus Handwerk eine s\u00fcsse Erfolgsgeschichte wurde.\" \/>\n<meta name=\"robots\" content=\"index, follow, max-snippet:-1, max-image-preview:large, max-video-preview:-1\" \/>\n<link rel=\"canonical\" href=\"https:\/\/wernli.ch\/de\/geschichte\/\" \/>\n<meta property=\"og:locale\" content=\"de_DE\" \/>\n<meta property=\"og:type\" content=\"article\" \/>\n<meta property=\"og:title\" content=\"Geschichte | Wernli\" \/>\n<meta property=\"og:description\" content=\"Seit 1905 steht Wernli f\u00fcr feinste Schweizer Biscuits. Erfahre mehr \u00fcber unsere Geschichte und wie aus Handwerk eine s\u00fcsse Erfolgsgeschichte wurde.\" \/>\n<meta property=\"og:url\" content=\"https:\/\/wernli.ch\/de\/geschichte\/\" \/>\n<meta property=\"og:site_name\" content=\"Wernli\" \/>\n<meta property=\"article:modified_time\" content=\"2025-09-12T08:21:16+00:00\" \/>\n<meta name=\"twitter:card\" content=\"summary_large_image\" \/>\n<script type=\"application\/ld+json\" class=\"yoast-schema-graph\">{\"@context\":\"https:\/\/schema.org\",\"@graph\":[{\"@type\":\"WebPage\",\"@id\":\"https:\/\/wernli.ch\/de\/geschichte\/\",\"url\":\"https:\/\/wernli.ch\/de\/geschichte\/\",\"name\":\"Geschichte | Wernli\",\"isPartOf\":{\"@id\":\"https:\/\/wernli.ch\/de\/#website\"},\"datePublished\":\"2023-05-22T15:36:02+00:00\",\"dateModified\":\"2025-09-12T08:21:16+00:00\",\"description\":\"Seit 1905 steht Wernli f\u00fcr feinste Schweizer Biscuits. Erfahre mehr \u00fcber unsere Geschichte und wie aus Handwerk eine s\u00fcsse Erfolgsgeschichte wurde.\",\"inLanguage\":\"de-DE\",\"potentialAction\":[{\"@type\":\"ReadAction\",\"target\":[\"https:\/\/wernli.ch\/de\/geschichte\/\"]}]},{\"@type\":\"WebSite\",\"@id\":\"https:\/\/wernli.ch\/de\/#website\",\"url\":\"https:\/\/wernli.ch\/de\/\",\"name\":\"Wernli\",\"description\":\"Het me gernli\",\"publisher\":{\"@id\":\"https:\/\/wernli.ch\/de\/#organization\"},\"potentialAction\":[{\"@type\":\"SearchAction\",\"target\":{\"@type\":\"EntryPoint\",\"urlTemplate\":\"https:\/\/wernli.ch\/de\/?s={search_term_string}\"},\"query-input\":\"required name=search_term_string\"}],\"inLanguage\":\"de-DE\"},{\"@type\":\"Organization\",\"@id\":\"https:\/\/wernli.ch\/de\/#organization\",\"name\":\"Wernli\",\"url\":\"https:\/\/wernli.ch\/de\/\",\"logo\":{\"@type\":\"ImageObject\",\"inLanguage\":\"de-DE\",\"@id\":\"https:\/\/wernli.ch\/de\/#\/schema\/logo\/image\/\",\"url\":\"https:\/\/wernli.ch\/app\/uploads\/2023\/07\/logo_wernli.svg\",\"contentUrl\":\"https:\/\/wernli.ch\/app\/uploads\/2023\/07\/logo_wernli.svg\",\"width\":1,\"height\":1,\"caption\":\"Wernli\"},\"image\":{\"@id\":\"https:\/\/wernli.ch\/de\/#\/schema\/logo\/image\/\"}}]}<\/script>\n<!-- \/ Yoast SEO plugin. -->","yoast_head_json":{"title":"Geschichte | Wernli","description":"Seit 1905 steht Wernli f\u00fcr feinste Schweizer Biscuits. Erfahre mehr \u00fcber unsere Geschichte und wie aus Handwerk eine s\u00fcsse Erfolgsgeschichte wurde.","robots":{"index":"index","follow":"follow","max-snippet":"max-snippet:-1","max-image-preview":"max-image-preview:large","max-video-preview":"max-video-preview:-1"},"canonical":"https:\/\/wernli.ch\/de\/geschichte\/","og_locale":"de_DE","og_type":"article","og_title":"Geschichte | Wernli","og_description":"Seit 1905 steht Wernli f\u00fcr feinste Schweizer Biscuits. Erfahre mehr \u00fcber unsere Geschichte und wie aus Handwerk eine s\u00fcsse Erfolgsgeschichte wurde.","og_url":"https:\/\/wernli.ch\/de\/geschichte\/","og_site_name":"Wernli","article_modified_time":"2025-09-12T08:21:16+00:00","twitter_card":"summary_large_image","schema":{"@context":"https:\/\/schema.org","@graph":[{"@type":"WebPage","@id":"https:\/\/wernli.ch\/de\/geschichte\/","url":"https:\/\/wernli.ch\/de\/geschichte\/","name":"Geschichte | Wernli","isPartOf":{"@id":"https:\/\/wernli.ch\/de\/#website"},"datePublished":"2023-05-22T15:36:02+00:00","dateModified":"2025-09-12T08:21:16+00:00","description":"Seit 1905 steht Wernli f\u00fcr feinste Schweizer Biscuits. Erfahre mehr \u00fcber unsere Geschichte und wie aus Handwerk eine s\u00fcsse Erfolgsgeschichte wurde.","inLanguage":"de-DE","potentialAction":[{"@type":"ReadAction","target":["https:\/\/wernli.ch\/de\/geschichte\/"]}]},{"@type":"WebSite","@id":"https:\/\/wernli.ch\/de\/#website","url":"https:\/\/wernli.ch\/de\/","name":"Wernli","description":"Het me gernli","publisher":{"@id":"https:\/\/wernli.ch\/de\/#organization"},"potentialAction":[{"@type":"SearchAction","target":{"@type":"EntryPoint","urlTemplate":"https:\/\/wernli.ch\/de\/?s={search_term_string}"},"query-input":"required name=search_term_string"}],"inLanguage":"de-DE"},{"@type":"Organization","@id":"https:\/\/wernli.ch\/de\/#organization","name":"Wernli","url":"https:\/\/wernli.ch\/de\/","logo":{"@type":"ImageObject","inLanguage":"de-DE","@id":"https:\/\/wernli.ch\/de\/#\/schema\/logo\/image\/","url":"https:\/\/wernli.ch\/app\/uploads\/2023\/07\/logo_wernli.svg","contentUrl":"https:\/\/wernli.ch\/app\/uploads\/2023\/07\/logo_wernli.svg","width":1,"height":1,"caption":"Wernli"},"image":{"@id":"https:\/\/wernli.ch\/de\/#\/schema\/logo\/image\/"}}]}},"_links":{"self":[{"href":"https:\/\/wernli.ch\/de\/wp-json\/wp\/v2\/pages\/8"}],"collection":[{"href":"https:\/\/wernli.ch\/de\/wp-json\/wp\/v2\/pages"}],"about":[{"href":"https:\/\/wernli.ch\/de\/wp-json\/wp\/v2\/types\/page"}],"author":[{"embeddable":true,"href":"https:\/\/wernli.ch\/de\/wp-json\/wp\/v2\/users\/6"}],"replies":[{"embeddable":true,"href":"https:\/\/wernli.ch\/de\/wp-json\/wp\/v2\/comments?post=8"}],"version-history":[{"count":16,"href":"https:\/\/wernli.ch\/de\/wp-json\/wp\/v2\/pages\/8\/revisions"}],"predecessor-version":[{"id":7435,"href":"https:\/\/wernli.ch\/de\/wp-json\/wp\/v2\/pages\/8\/revisions\/7435"}],"wp:attachment":[{"href":"https:\/\/wernli.ch\/de\/wp-json\/wp\/v2\/media?parent=8"}],"curies":[{"name":"wp","href":"https:\/\/api.w.org\/{rel}","templated":true}]}}