{"id":2334,"date":"2023-06-19T14:23:25","date_gmt":"2023-06-19T12:23:25","guid":{"rendered":"https:\/\/wernli.local\/products\/caranoir\/"},"modified":"2026-04-12T07:22:12","modified_gmt":"2026-04-12T05:22:12","slug":"caranoir","status":"publish","type":"product","link":"https:\/\/wernli.ch\/de\/produkte\/caranoir\/","title":{"rendered":"Caranoir"},"comment_status":"open","ping_status":"closed","template":"","produktwelten":[262],"allergens":[242,245,200,209,212,215,239],"stores":[39,43,47,51,52],"class_list":["post-2334","product","type-product","status-publish","hentry","produktwelten-biscuits","allergens-sh_de","allergens-uw_de","allergens-aw_de","allergens-am_de","allergens-an_de","allergens-sa_de","allergens-ay_de","stores-coop-ch","stores-brack-ch","stores-manor","stores-spar","stores-volg"],"acf":[],"yoast_head":"<!-- This site is optimized with the Yoast SEO plugin v21.9.1 - https:\/\/yoast.com\/wordpress\/plugins\/seo\/ -->\n<title>Caranoir | Wernli<\/title>\n<meta name=\"description\" content=\"Knuspriges M\u00fcrbgeb\u00e4ck mit feiner Caramelcr\u00e8me, gesalzenem Caramel Crunch und dunkler Schweizer Schokolade.\" \/>\n<meta name=\"robots\" content=\"index, follow, max-snippet:-1, max-image-preview:large, max-video-preview:-1\" \/>\n<link rel=\"canonical\" href=\"https:\/\/wernli.ch\/de\/produkte\/caranoir\/\" \/>\n<meta property=\"og:locale\" content=\"de_DE\" \/>\n<meta property=\"og:type\" content=\"article\" \/>\n<meta property=\"og:title\" content=\"Caranoir | Wernli\" \/>\n<meta property=\"og:description\" content=\"Knuspriges M\u00fcrbgeb\u00e4ck mit feiner Caramelcr\u00e8me, gesalzenem Caramel Crunch und dunkler Schweizer Schokolade.\" \/>\n<meta property=\"og:url\" content=\"https:\/\/wernli.ch\/de\/produkte\/caranoir\/\" \/>\n<meta property=\"og:site_name\" content=\"Wernli\" \/>\n<meta property=\"article:modified_time\" content=\"2026-04-12T05:22:12+00:00\" \/>\n<meta name=\"twitter:card\" content=\"summary_large_image\" \/>\n<script type=\"application\/ld+json\" class=\"yoast-schema-graph\">{\"@context\":\"https:\/\/schema.org\",\"@graph\":[{\"@type\":\"WebPage\",\"@id\":\"https:\/\/wernli.ch\/de\/produkte\/caranoir\/\",\"url\":\"https:\/\/wernli.ch\/de\/produkte\/caranoir\/\",\"name\":\"Caranoir | Wernli\",\"isPartOf\":{\"@id\":\"https:\/\/wernli.ch\/de\/#website\"},\"datePublished\":\"2023-06-19T12:23:25+00:00\",\"dateModified\":\"2026-04-12T05:22:12+00:00\",\"description\":\"Knuspriges M\u00fcrbgeb\u00e4ck mit feiner Caramelcr\u00e8me, gesalzenem Caramel Crunch und dunkler Schweizer Schokolade.\",\"inLanguage\":\"de-DE\",\"potentialAction\":[{\"@type\":\"ReadAction\",\"target\":[\"https:\/\/wernli.ch\/de\/produkte\/caranoir\/\"]}]},{\"@type\":\"WebSite\",\"@id\":\"https:\/\/wernli.ch\/de\/#website\",\"url\":\"https:\/\/wernli.ch\/de\/\",\"name\":\"Wernli\",\"description\":\"Het me gernli\",\"publisher\":{\"@id\":\"https:\/\/wernli.ch\/de\/#organization\"},\"potentialAction\":[{\"@type\":\"SearchAction\",\"target\":{\"@type\":\"EntryPoint\",\"urlTemplate\":\"https:\/\/wernli.ch\/de\/?s={search_term_string}\"},\"query-input\":\"required name=search_term_string\"}],\"inLanguage\":\"de-DE\"},{\"@type\":\"Organization\",\"@id\":\"https:\/\/wernli.ch\/de\/#organization\",\"name\":\"Wernli\",\"url\":\"https:\/\/wernli.ch\/de\/\",\"logo\":{\"@type\":\"ImageObject\",\"inLanguage\":\"de-DE\",\"@id\":\"https:\/\/wernli.ch\/de\/#\/schema\/logo\/image\/\",\"url\":\"https:\/\/wernli.ch\/app\/uploads\/2023\/07\/logo_wernli.svg\",\"contentUrl\":\"https:\/\/wernli.ch\/app\/uploads\/2023\/07\/logo_wernli.svg\",\"width\":1,\"height\":1,\"caption\":\"Wernli\"},\"image\":{\"@id\":\"https:\/\/wernli.ch\/de\/#\/schema\/logo\/image\/\"}}]}<\/script>\n<!-- \/ Yoast SEO plugin. -->","yoast_head_json":{"title":"Caranoir | Wernli","description":"Knuspriges M\u00fcrbgeb\u00e4ck mit feiner Caramelcr\u00e8me, gesalzenem Caramel Crunch und dunkler Schweizer Schokolade.","robots":{"index":"index","follow":"follow","max-snippet":"max-snippet:-1","max-image-preview":"max-image-preview:large","max-video-preview":"max-video-preview:-1"},"canonical":"https:\/\/wernli.ch\/de\/produkte\/caranoir\/","og_locale":"de_DE","og_type":"article","og_title":"Caranoir | Wernli","og_description":"Knuspriges M\u00fcrbgeb\u00e4ck mit feiner Caramelcr\u00e8me, gesalzenem Caramel Crunch und dunkler Schweizer Schokolade.","og_url":"https:\/\/wernli.ch\/de\/produkte\/caranoir\/","og_site_name":"Wernli","article_modified_time":"2026-04-12T05:22:12+00:00","twitter_card":"summary_large_image","schema":{"@context":"https:\/\/schema.org","@graph":[{"@type":"WebPage","@id":"https:\/\/wernli.ch\/de\/produkte\/caranoir\/","url":"https:\/\/wernli.ch\/de\/produkte\/caranoir\/","name":"Caranoir | Wernli","isPartOf":{"@id":"https:\/\/wernli.ch\/de\/#website"},"datePublished":"2023-06-19T12:23:25+00:00","dateModified":"2026-04-12T05:22:12+00:00","description":"Knuspriges M\u00fcrbgeb\u00e4ck mit feiner Caramelcr\u00e8me, gesalzenem Caramel Crunch und dunkler Schweizer Schokolade.","inLanguage":"de-DE","potentialAction":[{"@type":"ReadAction","target":["https:\/\/wernli.ch\/de\/produkte\/caranoir\/"]}]},{"@type":"WebSite","@id":"https:\/\/wernli.ch\/de\/#website","url":"https:\/\/wernli.ch\/de\/","name":"Wernli","description":"Het me gernli","publisher":{"@id":"https:\/\/wernli.ch\/de\/#organization"},"potentialAction":[{"@type":"SearchAction","target":{"@type":"EntryPoint","urlTemplate":"https:\/\/wernli.ch\/de\/?s={search_term_string}"},"query-input":"required name=search_term_string"}],"inLanguage":"de-DE"},{"@type":"Organization","@id":"https:\/\/wernli.ch\/de\/#organization","name":"Wernli","url":"https:\/\/wernli.ch\/de\/","logo":{"@type":"ImageObject","inLanguage":"de-DE","@id":"https:\/\/wernli.ch\/de\/#\/schema\/logo\/image\/","url":"https:\/\/wernli.ch\/app\/uploads\/2023\/07\/logo_wernli.svg","contentUrl":"https:\/\/wernli.ch\/app\/uploads\/2023\/07\/logo_wernli.svg","width":1,"height":1,"caption":"Wernli"},"image":{"@id":"https:\/\/wernli.ch\/de\/#\/schema\/logo\/image\/"}}]}},"_links":{"self":[{"href":"https:\/\/wernli.ch\/de\/wp-json\/wp\/v2\/product\/2334"}],"collection":[{"href":"https:\/\/wernli.ch\/de\/wp-json\/wp\/v2\/product"}],"about":[{"href":"https:\/\/wernli.ch\/de\/wp-json\/wp\/v2\/types\/product"}],"replies":[{"embeddable":true,"href":"https:\/\/wernli.ch\/de\/wp-json\/wp\/v2\/comments?post=2334"}],"version-history":[{"count":24,"href":"https:\/\/wernli.ch\/de\/wp-json\/wp\/v2\/product\/2334\/revisions"}],"predecessor-version":[{"id":5517,"href":"https:\/\/wernli.ch\/de\/wp-json\/wp\/v2\/product\/2334\/revisions\/5517"}],"wp:attachment":[{"href":"https:\/\/wernli.ch\/de\/wp-json\/wp\/v2\/media?parent=2334"}],"wp:term":[{"taxonomy":"produktwelten","embeddable":true,"href":"https:\/\/wernli.ch\/de\/wp-json\/wp\/v2\/produktwelten?post=2334"},{"taxonomy":"allergens","embeddable":true,"href":"https:\/\/wernli.ch\/de\/wp-json\/wp\/v2\/allergens?post=2334"},{"taxonomy":"stores","embeddable":true,"href":"https:\/\/wernli.ch\/de\/wp-json\/wp\/v2\/stores?post=2334"}],"curies":[{"name":"wp","href":"https:\/\/api.w.org\/{rel}","templated":true}]}}