{"id":3837,"date":"2023-05-22T17:38:11","date_gmt":"2023-05-22T15:38:11","guid":{"rendered":"https:\/\/wernli.local\/produkte\/"},"modified":"2023-08-08T10:53:48","modified_gmt":"2023-08-08T08:53:48","slug":"produits","status":"publish","type":"page","link":"https:\/\/wernli.ch\/fr\/produits\/","title":{"rendered":"Produits"},"content":{"rendered":"","protected":false},"excerpt":{"rendered":"","protected":false},"author":6,"featured_media":0,"parent":0,"menu_order":2,"comment_status":"closed","ping_status":"closed","template":"templates\/product_overview.php","meta":{"_acf_changed":false},"class_list":["post-3837","page","type-page","status-publish","hentry"],"acf":[],"yoast_head":"<!-- This site is optimized with the Yoast SEO plugin v21.9.1 - https:\/\/yoast.com\/wordpress\/plugins\/seo\/ -->\n<title>Nos biscuits Wernli | Wernli<\/title>\n<meta name=\"description\" content=\"Les biscuits Wernli symbolisent le plaisir \u00e0 l\u2019\u00e9tat pur: ils invitent au partage et unissent les Suisses depuis des g\u00e9n\u00e9rations.\" \/>\n<meta name=\"robots\" content=\"index, follow, max-snippet:-1, max-image-preview:large, max-video-preview:-1\" \/>\n<link rel=\"canonical\" href=\"https:\/\/wernli.ch\/fr\/produits\/\" \/>\n<meta property=\"og:locale\" content=\"fr_FR\" \/>\n<meta property=\"og:type\" content=\"article\" \/>\n<meta property=\"og:title\" content=\"Nos biscuits Wernli | Wernli\" \/>\n<meta property=\"og:description\" content=\"Les biscuits Wernli symbolisent le plaisir \u00e0 l\u2019\u00e9tat pur: ils invitent au partage et unissent les Suisses depuis des g\u00e9n\u00e9rations.\" \/>\n<meta property=\"og:url\" content=\"https:\/\/wernli.ch\/fr\/produits\/\" \/>\n<meta property=\"og:site_name\" content=\"Wernli\" \/>\n<meta property=\"article:modified_time\" content=\"2023-08-08T08:53:48+00:00\" \/>\n<meta name=\"twitter:card\" content=\"summary_large_image\" \/>\n<script type=\"application\/ld+json\" class=\"yoast-schema-graph\">{\"@context\":\"https:\/\/schema.org\",\"@graph\":[{\"@type\":\"WebPage\",\"@id\":\"https:\/\/wernli.ch\/fr\/produits\/\",\"url\":\"https:\/\/wernli.ch\/fr\/produits\/\",\"name\":\"Nos biscuits Wernli | Wernli\",\"isPartOf\":{\"@id\":\"https:\/\/wernli.ch\/fr\/#website\"},\"datePublished\":\"2023-05-22T15:38:11+00:00\",\"dateModified\":\"2023-08-08T08:53:48+00:00\",\"description\":\"Les biscuits Wernli symbolisent le plaisir \u00e0 l\u2019\u00e9tat pur: ils invitent au partage et unissent les Suisses depuis des g\u00e9n\u00e9rations.\",\"inLanguage\":\"fr-FR\",\"potentialAction\":[{\"@type\":\"ReadAction\",\"target\":[\"https:\/\/wernli.ch\/fr\/produits\/\"]}]},{\"@type\":\"WebSite\",\"@id\":\"https:\/\/wernli.ch\/fr\/#website\",\"url\":\"https:\/\/wernli.ch\/fr\/\",\"name\":\"Wernli\",\"description\":\"Het me gernli\",\"publisher\":{\"@id\":\"https:\/\/wernli.ch\/fr\/#organization\"},\"potentialAction\":[{\"@type\":\"SearchAction\",\"target\":{\"@type\":\"EntryPoint\",\"urlTemplate\":\"https:\/\/wernli.ch\/fr\/?s={search_term_string}\"},\"query-input\":\"required name=search_term_string\"}],\"inLanguage\":\"fr-FR\"},{\"@type\":\"Organization\",\"@id\":\"https:\/\/wernli.ch\/fr\/#organization\",\"name\":\"Wernli\",\"url\":\"https:\/\/wernli.ch\/fr\/\",\"logo\":{\"@type\":\"ImageObject\",\"inLanguage\":\"fr-FR\",\"@id\":\"https:\/\/wernli.ch\/fr\/#\/schema\/logo\/image\/\",\"url\":\"https:\/\/wernli.ch\/app\/uploads\/2023\/07\/logo_wernli.svg\",\"contentUrl\":\"https:\/\/wernli.ch\/app\/uploads\/2023\/07\/logo_wernli.svg\",\"width\":1,\"height\":1,\"caption\":\"Wernli\"},\"image\":{\"@id\":\"https:\/\/wernli.ch\/fr\/#\/schema\/logo\/image\/\"}}]}<\/script>\n<!-- \/ Yoast SEO plugin. -->","yoast_head_json":{"title":"Nos biscuits Wernli | Wernli","description":"Les biscuits Wernli symbolisent le plaisir \u00e0 l\u2019\u00e9tat pur: ils invitent au partage et unissent les Suisses depuis des g\u00e9n\u00e9rations.","robots":{"index":"index","follow":"follow","max-snippet":"max-snippet:-1","max-image-preview":"max-image-preview:large","max-video-preview":"max-video-preview:-1"},"canonical":"https:\/\/wernli.ch\/fr\/produits\/","og_locale":"fr_FR","og_type":"article","og_title":"Nos biscuits Wernli | Wernli","og_description":"Les biscuits Wernli symbolisent le plaisir \u00e0 l\u2019\u00e9tat pur: ils invitent au partage et unissent les Suisses depuis des g\u00e9n\u00e9rations.","og_url":"https:\/\/wernli.ch\/fr\/produits\/","og_site_name":"Wernli","article_modified_time":"2023-08-08T08:53:48+00:00","twitter_card":"summary_large_image","schema":{"@context":"https:\/\/schema.org","@graph":[{"@type":"WebPage","@id":"https:\/\/wernli.ch\/fr\/produits\/","url":"https:\/\/wernli.ch\/fr\/produits\/","name":"Nos biscuits Wernli | Wernli","isPartOf":{"@id":"https:\/\/wernli.ch\/fr\/#website"},"datePublished":"2023-05-22T15:38:11+00:00","dateModified":"2023-08-08T08:53:48+00:00","description":"Les biscuits Wernli symbolisent le plaisir \u00e0 l\u2019\u00e9tat pur: ils invitent au partage et unissent les Suisses depuis des g\u00e9n\u00e9rations.","inLanguage":"fr-FR","potentialAction":[{"@type":"ReadAction","target":["https:\/\/wernli.ch\/fr\/produits\/"]}]},{"@type":"WebSite","@id":"https:\/\/wernli.ch\/fr\/#website","url":"https:\/\/wernli.ch\/fr\/","name":"Wernli","description":"Het me gernli","publisher":{"@id":"https:\/\/wernli.ch\/fr\/#organization"},"potentialAction":[{"@type":"SearchAction","target":{"@type":"EntryPoint","urlTemplate":"https:\/\/wernli.ch\/fr\/?s={search_term_string}"},"query-input":"required name=search_term_string"}],"inLanguage":"fr-FR"},{"@type":"Organization","@id":"https:\/\/wernli.ch\/fr\/#organization","name":"Wernli","url":"https:\/\/wernli.ch\/fr\/","logo":{"@type":"ImageObject","inLanguage":"fr-FR","@id":"https:\/\/wernli.ch\/fr\/#\/schema\/logo\/image\/","url":"https:\/\/wernli.ch\/app\/uploads\/2023\/07\/logo_wernli.svg","contentUrl":"https:\/\/wernli.ch\/app\/uploads\/2023\/07\/logo_wernli.svg","width":1,"height":1,"caption":"Wernli"},"image":{"@id":"https:\/\/wernli.ch\/fr\/#\/schema\/logo\/image\/"}}]}},"_links":{"self":[{"href":"https:\/\/wernli.ch\/fr\/wp-json\/wp\/v2\/pages\/3837"}],"collection":[{"href":"https:\/\/wernli.ch\/fr\/wp-json\/wp\/v2\/pages"}],"about":[{"href":"https:\/\/wernli.ch\/fr\/wp-json\/wp\/v2\/types\/page"}],"author":[{"embeddable":true,"href":"https:\/\/wernli.ch\/fr\/wp-json\/wp\/v2\/users\/6"}],"replies":[{"embeddable":true,"href":"https:\/\/wernli.ch\/fr\/wp-json\/wp\/v2\/comments?post=3837"}],"version-history":[{"count":1,"href":"https:\/\/wernli.ch\/fr\/wp-json\/wp\/v2\/pages\/3837\/revisions"}],"predecessor-version":[{"id":3838,"href":"https:\/\/wernli.ch\/fr\/wp-json\/wp\/v2\/pages\/3837\/revisions\/3838"}],"wp:attachment":[{"href":"https:\/\/wernli.ch\/fr\/wp-json\/wp\/v2\/media?parent=3837"}],"curies":[{"name":"wp","href":"https:\/\/api.w.org\/{rel}","templated":true}]}}