{"id":2344,"date":"2023-06-19T14:23:32","date_gmt":"2023-06-19T12:23:32","guid":{"rendered":"https:\/\/wernli.local\/products\/florentin-2\/"},"modified":"2026-04-21T07:22:07","modified_gmt":"2026-04-21T05:22:07","slug":"florentin","status":"publish","type":"product","link":"https:\/\/wernli.ch\/fr\/produits\/florentin\/","title":{"rendered":"Florentin"},"comment_status":"open","ping_status":"closed","template":"","produktwelten":[265],"allergens":[201,210,213,216,240,243,246],"stores":[108,116,124,132,134],"class_list":["post-2344","product","type-product","status-publish","hentry","produktwelten-biscuits-fr","allergens-aw_fr","allergens-am_fr","allergens-an_fr","allergens-sa_fr","allergens-ay_fr","allergens-sh_fr","allergens-uw_fr","stores-coop-ch-fr","stores-brack-ch-fr","stores-manor-fr","stores-spar-fr","stores-volg-fr"],"acf":[],"yoast_head":"<!-- This site is optimized with the Yoast SEO plugin v21.9.1 - https:\/\/yoast.com\/wordpress\/plugins\/seo\/ -->\n<title>Florentin | Wernli<\/title>\n<meta name=\"description\" content=\"D\u00e9licieuse sp\u00e9cialit\u00e9 aux amandes avec du chocolat au lait suisse et des fruits confits.\" \/>\n<meta name=\"robots\" content=\"index, follow, max-snippet:-1, max-image-preview:large, max-video-preview:-1\" \/>\n<link rel=\"canonical\" href=\"https:\/\/wernli.ch\/fr\/produits\/florentin\/\" \/>\n<meta property=\"og:locale\" content=\"fr_FR\" \/>\n<meta property=\"og:type\" content=\"article\" \/>\n<meta property=\"og:title\" content=\"Florentin | Wernli\" \/>\n<meta property=\"og:description\" content=\"D\u00e9licieuse sp\u00e9cialit\u00e9 aux amandes avec du chocolat au lait suisse et des fruits confits.\" \/>\n<meta property=\"og:url\" content=\"https:\/\/wernli.ch\/fr\/produits\/florentin\/\" \/>\n<meta property=\"og:site_name\" content=\"Wernli\" \/>\n<meta property=\"article:modified_time\" content=\"2026-04-21T05:22:07+00:00\" \/>\n<meta name=\"twitter:card\" content=\"summary_large_image\" \/>\n<script type=\"application\/ld+json\" class=\"yoast-schema-graph\">{\"@context\":\"https:\/\/schema.org\",\"@graph\":[{\"@type\":\"WebPage\",\"@id\":\"https:\/\/wernli.ch\/fr\/produits\/florentin\/\",\"url\":\"https:\/\/wernli.ch\/fr\/produits\/florentin\/\",\"name\":\"Florentin | Wernli\",\"isPartOf\":{\"@id\":\"https:\/\/wernli.ch\/fr\/#website\"},\"datePublished\":\"2023-06-19T12:23:32+00:00\",\"dateModified\":\"2026-04-21T05:22:07+00:00\",\"description\":\"D\u00e9licieuse sp\u00e9cialit\u00e9 aux amandes avec du chocolat au lait suisse et des fruits confits.\",\"inLanguage\":\"fr-FR\",\"potentialAction\":[{\"@type\":\"ReadAction\",\"target\":[\"https:\/\/wernli.ch\/fr\/produits\/florentin\/\"]}]},{\"@type\":\"WebSite\",\"@id\":\"https:\/\/wernli.ch\/fr\/#website\",\"url\":\"https:\/\/wernli.ch\/fr\/\",\"name\":\"Wernli\",\"description\":\"Het me gernli\",\"publisher\":{\"@id\":\"https:\/\/wernli.ch\/fr\/#organization\"},\"potentialAction\":[{\"@type\":\"SearchAction\",\"target\":{\"@type\":\"EntryPoint\",\"urlTemplate\":\"https:\/\/wernli.ch\/fr\/?s={search_term_string}\"},\"query-input\":\"required name=search_term_string\"}],\"inLanguage\":\"fr-FR\"},{\"@type\":\"Organization\",\"@id\":\"https:\/\/wernli.ch\/fr\/#organization\",\"name\":\"Wernli\",\"url\":\"https:\/\/wernli.ch\/fr\/\",\"logo\":{\"@type\":\"ImageObject\",\"inLanguage\":\"fr-FR\",\"@id\":\"https:\/\/wernli.ch\/fr\/#\/schema\/logo\/image\/\",\"url\":\"https:\/\/wernli.ch\/app\/uploads\/2023\/07\/logo_wernli.svg\",\"contentUrl\":\"https:\/\/wernli.ch\/app\/uploads\/2023\/07\/logo_wernli.svg\",\"width\":1,\"height\":1,\"caption\":\"Wernli\"},\"image\":{\"@id\":\"https:\/\/wernli.ch\/fr\/#\/schema\/logo\/image\/\"}}]}<\/script>\n<!-- \/ Yoast SEO plugin. -->","yoast_head_json":{"title":"Florentin | Wernli","description":"D\u00e9licieuse sp\u00e9cialit\u00e9 aux amandes avec du chocolat au lait suisse et des fruits confits.","robots":{"index":"index","follow":"follow","max-snippet":"max-snippet:-1","max-image-preview":"max-image-preview:large","max-video-preview":"max-video-preview:-1"},"canonical":"https:\/\/wernli.ch\/fr\/produits\/florentin\/","og_locale":"fr_FR","og_type":"article","og_title":"Florentin | Wernli","og_description":"D\u00e9licieuse sp\u00e9cialit\u00e9 aux amandes avec du chocolat au lait suisse et des fruits confits.","og_url":"https:\/\/wernli.ch\/fr\/produits\/florentin\/","og_site_name":"Wernli","article_modified_time":"2026-04-21T05:22:07+00:00","twitter_card":"summary_large_image","schema":{"@context":"https:\/\/schema.org","@graph":[{"@type":"WebPage","@id":"https:\/\/wernli.ch\/fr\/produits\/florentin\/","url":"https:\/\/wernli.ch\/fr\/produits\/florentin\/","name":"Florentin | Wernli","isPartOf":{"@id":"https:\/\/wernli.ch\/fr\/#website"},"datePublished":"2023-06-19T12:23:32+00:00","dateModified":"2026-04-21T05:22:07+00:00","description":"D\u00e9licieuse sp\u00e9cialit\u00e9 aux amandes avec du chocolat au lait suisse et des fruits confits.","inLanguage":"fr-FR","potentialAction":[{"@type":"ReadAction","target":["https:\/\/wernli.ch\/fr\/produits\/florentin\/"]}]},{"@type":"WebSite","@id":"https:\/\/wernli.ch\/fr\/#website","url":"https:\/\/wernli.ch\/fr\/","name":"Wernli","description":"Het me gernli","publisher":{"@id":"https:\/\/wernli.ch\/fr\/#organization"},"potentialAction":[{"@type":"SearchAction","target":{"@type":"EntryPoint","urlTemplate":"https:\/\/wernli.ch\/fr\/?s={search_term_string}"},"query-input":"required name=search_term_string"}],"inLanguage":"fr-FR"},{"@type":"Organization","@id":"https:\/\/wernli.ch\/fr\/#organization","name":"Wernli","url":"https:\/\/wernli.ch\/fr\/","logo":{"@type":"ImageObject","inLanguage":"fr-FR","@id":"https:\/\/wernli.ch\/fr\/#\/schema\/logo\/image\/","url":"https:\/\/wernli.ch\/app\/uploads\/2023\/07\/logo_wernli.svg","contentUrl":"https:\/\/wernli.ch\/app\/uploads\/2023\/07\/logo_wernli.svg","width":1,"height":1,"caption":"Wernli"},"image":{"@id":"https:\/\/wernli.ch\/fr\/#\/schema\/logo\/image\/"}}]}},"_links":{"self":[{"href":"https:\/\/wernli.ch\/fr\/wp-json\/wp\/v2\/product\/2344"}],"collection":[{"href":"https:\/\/wernli.ch\/fr\/wp-json\/wp\/v2\/product"}],"about":[{"href":"https:\/\/wernli.ch\/fr\/wp-json\/wp\/v2\/types\/product"}],"replies":[{"embeddable":true,"href":"https:\/\/wernli.ch\/fr\/wp-json\/wp\/v2\/comments?post=2344"}],"version-history":[{"count":4,"href":"https:\/\/wernli.ch\/fr\/wp-json\/wp\/v2\/product\/2344\/revisions"}],"predecessor-version":[{"id":4290,"href":"https:\/\/wernli.ch\/fr\/wp-json\/wp\/v2\/product\/2344\/revisions\/4290"}],"wp:attachment":[{"href":"https:\/\/wernli.ch\/fr\/wp-json\/wp\/v2\/media?parent=2344"}],"wp:term":[{"taxonomy":"produktwelten","embeddable":true,"href":"https:\/\/wernli.ch\/fr\/wp-json\/wp\/v2\/produktwelten?post=2344"},{"taxonomy":"allergens","embeddable":true,"href":"https:\/\/wernli.ch\/fr\/wp-json\/wp\/v2\/allergens?post=2344"},{"taxonomy":"stores","embeddable":true,"href":"https:\/\/wernli.ch\/fr\/wp-json\/wp\/v2\/stores?post=2344"}],"curies":[{"name":"wp","href":"https:\/\/api.w.org\/{rel}","templated":true}]}}