{"id":2389,"date":"2023-06-19T14:24:08","date_gmt":"2023-06-19T12:24:08","guid":{"rendered":"https:\/\/wernli.local\/products\/chocofin-2\/"},"modified":"2026-04-05T07:22:12","modified_gmt":"2026-04-05T05:22:12","slug":"chocofin","status":"publish","type":"product","link":"https:\/\/wernli.ch\/fr\/produits\/chocofin\/","title":{"rendered":"Chocofin"},"comment_status":"open","ping_status":"closed","template":"","produktwelten":[265],"allergens":[210,213,216,237,240,243,246,249,201],"stores":[124,132,134,108],"class_list":["post-2389","product","type-product","status-publish","hentry","produktwelten-biscuits-fr","allergens-am_fr","allergens-an_fr","allergens-sa_fr","allergens-ae_fr","allergens-ay_fr","allergens-sh_fr","allergens-uw_fr","allergens-ap_fr","allergens-aw_fr","stores-manor-fr","stores-spar-fr","stores-volg-fr","stores-coop-ch-fr"],"acf":[],"yoast_head":"<!-- This site is optimized with the Yoast SEO plugin v21.9.1 - https:\/\/yoast.com\/wordpress\/plugins\/seo\/ -->\n<title>Chocofin | Wernli<\/title>\n<meta name=\"description\" content=\"Sabl\u00e9 fondant avec une d\u00e9licieuse cr\u00e8me au chocolat et du chocolat suisse.\" \/>\n<meta name=\"robots\" content=\"index, follow, max-snippet:-1, max-image-preview:large, max-video-preview:-1\" \/>\n<link rel=\"canonical\" href=\"https:\/\/wernli.ch\/fr\/produits\/chocofin\/\" \/>\n<meta property=\"og:locale\" content=\"fr_FR\" \/>\n<meta property=\"og:type\" content=\"article\" \/>\n<meta property=\"og:title\" content=\"Chocofin | Wernli\" \/>\n<meta property=\"og:description\" content=\"Sabl\u00e9 fondant avec une d\u00e9licieuse cr\u00e8me au chocolat et du chocolat suisse.\" \/>\n<meta property=\"og:url\" content=\"https:\/\/wernli.ch\/fr\/produits\/chocofin\/\" \/>\n<meta property=\"og:site_name\" content=\"Wernli\" \/>\n<meta property=\"article:modified_time\" content=\"2026-04-05T05:22:12+00:00\" \/>\n<meta name=\"twitter:card\" content=\"summary_large_image\" \/>\n<script type=\"application\/ld+json\" class=\"yoast-schema-graph\">{\"@context\":\"https:\/\/schema.org\",\"@graph\":[{\"@type\":\"WebPage\",\"@id\":\"https:\/\/wernli.ch\/fr\/produits\/chocofin\/\",\"url\":\"https:\/\/wernli.ch\/fr\/produits\/chocofin\/\",\"name\":\"Chocofin | Wernli\",\"isPartOf\":{\"@id\":\"https:\/\/wernli.ch\/fr\/#website\"},\"datePublished\":\"2023-06-19T12:24:08+00:00\",\"dateModified\":\"2026-04-05T05:22:12+00:00\",\"description\":\"Sabl\u00e9 fondant avec une d\u00e9licieuse cr\u00e8me au chocolat et du chocolat suisse.\",\"inLanguage\":\"fr-FR\",\"potentialAction\":[{\"@type\":\"ReadAction\",\"target\":[\"https:\/\/wernli.ch\/fr\/produits\/chocofin\/\"]}]},{\"@type\":\"WebSite\",\"@id\":\"https:\/\/wernli.ch\/fr\/#website\",\"url\":\"https:\/\/wernli.ch\/fr\/\",\"name\":\"Wernli\",\"description\":\"Het me gernli\",\"publisher\":{\"@id\":\"https:\/\/wernli.ch\/fr\/#organization\"},\"potentialAction\":[{\"@type\":\"SearchAction\",\"target\":{\"@type\":\"EntryPoint\",\"urlTemplate\":\"https:\/\/wernli.ch\/fr\/?s={search_term_string}\"},\"query-input\":\"required name=search_term_string\"}],\"inLanguage\":\"fr-FR\"},{\"@type\":\"Organization\",\"@id\":\"https:\/\/wernli.ch\/fr\/#organization\",\"name\":\"Wernli\",\"url\":\"https:\/\/wernli.ch\/fr\/\",\"logo\":{\"@type\":\"ImageObject\",\"inLanguage\":\"fr-FR\",\"@id\":\"https:\/\/wernli.ch\/fr\/#\/schema\/logo\/image\/\",\"url\":\"https:\/\/wernli.ch\/app\/uploads\/2023\/07\/logo_wernli.svg\",\"contentUrl\":\"https:\/\/wernli.ch\/app\/uploads\/2023\/07\/logo_wernli.svg\",\"width\":1,\"height\":1,\"caption\":\"Wernli\"},\"image\":{\"@id\":\"https:\/\/wernli.ch\/fr\/#\/schema\/logo\/image\/\"}}]}<\/script>\n<!-- \/ Yoast SEO plugin. -->","yoast_head_json":{"title":"Chocofin | Wernli","description":"Sabl\u00e9 fondant avec une d\u00e9licieuse cr\u00e8me au chocolat et du chocolat suisse.","robots":{"index":"index","follow":"follow","max-snippet":"max-snippet:-1","max-image-preview":"max-image-preview:large","max-video-preview":"max-video-preview:-1"},"canonical":"https:\/\/wernli.ch\/fr\/produits\/chocofin\/","og_locale":"fr_FR","og_type":"article","og_title":"Chocofin | Wernli","og_description":"Sabl\u00e9 fondant avec une d\u00e9licieuse cr\u00e8me au chocolat et du chocolat suisse.","og_url":"https:\/\/wernli.ch\/fr\/produits\/chocofin\/","og_site_name":"Wernli","article_modified_time":"2026-04-05T05:22:12+00:00","twitter_card":"summary_large_image","schema":{"@context":"https:\/\/schema.org","@graph":[{"@type":"WebPage","@id":"https:\/\/wernli.ch\/fr\/produits\/chocofin\/","url":"https:\/\/wernli.ch\/fr\/produits\/chocofin\/","name":"Chocofin | Wernli","isPartOf":{"@id":"https:\/\/wernli.ch\/fr\/#website"},"datePublished":"2023-06-19T12:24:08+00:00","dateModified":"2026-04-05T05:22:12+00:00","description":"Sabl\u00e9 fondant avec une d\u00e9licieuse cr\u00e8me au chocolat et du chocolat suisse.","inLanguage":"fr-FR","potentialAction":[{"@type":"ReadAction","target":["https:\/\/wernli.ch\/fr\/produits\/chocofin\/"]}]},{"@type":"WebSite","@id":"https:\/\/wernli.ch\/fr\/#website","url":"https:\/\/wernli.ch\/fr\/","name":"Wernli","description":"Het me gernli","publisher":{"@id":"https:\/\/wernli.ch\/fr\/#organization"},"potentialAction":[{"@type":"SearchAction","target":{"@type":"EntryPoint","urlTemplate":"https:\/\/wernli.ch\/fr\/?s={search_term_string}"},"query-input":"required name=search_term_string"}],"inLanguage":"fr-FR"},{"@type":"Organization","@id":"https:\/\/wernli.ch\/fr\/#organization","name":"Wernli","url":"https:\/\/wernli.ch\/fr\/","logo":{"@type":"ImageObject","inLanguage":"fr-FR","@id":"https:\/\/wernli.ch\/fr\/#\/schema\/logo\/image\/","url":"https:\/\/wernli.ch\/app\/uploads\/2023\/07\/logo_wernli.svg","contentUrl":"https:\/\/wernli.ch\/app\/uploads\/2023\/07\/logo_wernli.svg","width":1,"height":1,"caption":"Wernli"},"image":{"@id":"https:\/\/wernli.ch\/fr\/#\/schema\/logo\/image\/"}}]}},"_links":{"self":[{"href":"https:\/\/wernli.ch\/fr\/wp-json\/wp\/v2\/product\/2389"}],"collection":[{"href":"https:\/\/wernli.ch\/fr\/wp-json\/wp\/v2\/product"}],"about":[{"href":"https:\/\/wernli.ch\/fr\/wp-json\/wp\/v2\/types\/product"}],"replies":[{"embeddable":true,"href":"https:\/\/wernli.ch\/fr\/wp-json\/wp\/v2\/comments?post=2389"}],"version-history":[{"count":2,"href":"https:\/\/wernli.ch\/fr\/wp-json\/wp\/v2\/product\/2389\/revisions"}],"predecessor-version":[{"id":3181,"href":"https:\/\/wernli.ch\/fr\/wp-json\/wp\/v2\/product\/2389\/revisions\/3181"}],"wp:attachment":[{"href":"https:\/\/wernli.ch\/fr\/wp-json\/wp\/v2\/media?parent=2389"}],"wp:term":[{"taxonomy":"produktwelten","embeddable":true,"href":"https:\/\/wernli.ch\/fr\/wp-json\/wp\/v2\/produktwelten?post=2389"},{"taxonomy":"allergens","embeddable":true,"href":"https:\/\/wernli.ch\/fr\/wp-json\/wp\/v2\/allergens?post=2389"},{"taxonomy":"stores","embeddable":true,"href":"https:\/\/wernli.ch\/fr\/wp-json\/wp\/v2\/stores?post=2389"}],"curies":[{"name":"wp","href":"https:\/\/api.w.org\/{rel}","templated":true}]}}